{"id":336,"date":"2023-12-20T08:53:22","date_gmt":"2023-12-20T08:53:22","guid":{"rendered":"https:\/\/themes.themeenergy.com\/bookyourtravel\/exotic-tours\/?page_id=336"},"modified":"2023-12-20T11:23:35","modified_gmt":"2023-12-20T11:23:35","slug":"o-nama","status":"publish","type":"page","link":"https:\/\/numbe.rs\/test\/o-nama\/","title":{"rendered":"O NAMA"},"content":{"rendered":"<h3>\u00a0<\/h3>\n<table class=\"contentpaneopen\">\n<tbody>\n<tr>\n<td valign=\"top\">\n<h3>O NAMA<\/h3>\n<p><span lang=\"EN-US\">EXPLORERS\u00a0Adventure\u00a0<\/span>je\u00a0kompanija koju sa\u010dinjavaju ljudi sa ogromnim iskustvom u planiranju egzoti\u010dnih i avanturisti\u010dkih\u00a0putovanja \u0161irom sveta.<\/p>\n<p>Radimo kao posrednik u prodaji turisti\u010dkih aran\u017emana i avio-prevoza. Kod nas pla\u0107ate avio-prevoz. Ostatak do pune cene pla\u0107a se na destinaciji, direktno lokalnim operatorima.<\/p>\n<p>Ve\u0107 vi\u0161e od 25 godina se aktivno bavimo planiranjem individualnih putovanja i putovanja manjih grupa.<\/p>\n<p>Atmosfera na na\u0161im putovanjima je internacionalna i tr\u017ei\u0161no pokrivamo\u00a0ceo region jugoisto\u010dne Evrope.<\/p>\n<p><strong>Na\u0161a vizija<\/strong>\u00a0je da, na me\u0111unarodnom tr\u017ei\u0161tu, pru\u017eamo kvalitetne usluge planiranja putovanja uz najvi\u0161i nivo zadovoljstva klijenata.<\/p>\n<p><strong>Na\u0161a misija<\/strong>\u00a0je da vam pru\u017eimo mogu\u0107nost da, uz visok nivo usluga, na\u00a0<strong>najuzbudljiviji na\u010din<\/strong>\u00a0obidjete najlep\u0161e i najinteresantnije delove na\u0161e planete.<\/p>\n<p><strong>Na\u0161a\u00a0ideja<\/strong>\u00a0je jednostavna: Koriste\u0107i na\u0161e iskustvo i kontakte \u0161irom sveta, u mogu\u0107nosti smo da Vam ponudimo putovanja o kojima ste sanjali, po najpristupa\u010dnijim cenama i sa najboljim odnosom kvalitet\/cena na tr\u017ei\u0161tu.<\/p>\n<h3>\u00a0<\/h3>\n<h3>O NA\u0160EM ISKUSTVU<\/h3>\n<p>Organizovali smo\u00a0vrlo mnogo putovanja u prethodnih 25 godina. Te\u0161ko je sve pobrojati, ali evo nekih detalja:<\/p>\n<p>Pro\u0161li smo mnogo puta Tajland i jugoisto\u010dnu Aziju, uzdu\u017e i popreko, u\u010destvovali smo na karnevalu u Riu, lovili smo krokodile u Amazonu, jahali konje kroz nepregledne mo\u010dvare Pantanala (centar ju\u017ene Amerike), obilazili najve\u0107e svetske vulkane, spavali smo u Amazonskoj d\u017eungli, pecali pirane, odmarali se na najlepsim pla\u017eama sveta (Jericoacoara), spavali u najve\u0107im afri\u010dkim rezervatima divljih \u017eivotinja (Tanzanija, Kenija), igrali se sa pingvinima na \u201ekraju sveta\u201c (Ognjena Zemlja), donosili za\u010dine sa ostrva za\u010dina (Zanzibar), pro\u0161li smo Sibir, u\u017eivali u muzici na Kubi, penjali se visoko na 5000m prelaze\u0107i Ande i ronili duboko u Dominikanskoj Republici, \u0161etali otmenim Buenos Airesom, pro\u0161li \u010cile, Patagoniju\u00a0i spavali u hotelima od soli u najve\u0107im svetskim salarima (Bolivija), divili se starim Inkama u peruanskom Machu Picchu, obilazili afri\u010dka plemena, istra\u017eivali Mijanmar, skakutali po Indone\u017eanskim ostrvima, spavali u Sahari, pro\u0161li ponosni Vietnam i mirni Laos, sa\u017ealjevali \u017ertve crvenih kmera u Kambod\u017ei i poklonili se najve\u0107em svetskom hramu u Angkoru, nebrojeno puta pro\u0161li najinteresantnija i najneobi\u010dnija mesta u Evropi, itd, itd&#8230;<\/p>\n<h3>\u00a0<\/h3>\n<h3>O NA\u0160OJ PONUDI<\/h3>\n<p>Na\u0161a putovanja nisu monotona, naprotiv, vrlo su &#8220;\u0161arena&#8221; i omogu\u0107uju vam da najbolje iskoristite svoje vreme dok ste na putu. Ona uklju\u010duju egzoti\u010dna i avanturisti\u010dka putovanja, boravak na najlep\u0161im svetskim pla\u017eama, upoznavanje obi\u010daja i \u017eivota lokalnog stanovni\u0161tva na\u00a0<strong>najuzbudljiviji<\/strong>\u00a0na\u010din.<\/p>\n<p>Putovanja delimo\u00a0u tri grupe:<\/p>\n<p><strong>Explorers EXOTIC<\/strong><\/p>\n<p>(Le\u017eerna putovanja, obi\u010dno u blizini najlep\u0161ih pla\u017ea, no\u0107ni provod, restorani, \u017eurke i opu\u0161tanje)<\/p>\n<p><strong>Explorers ADVENTURE<\/strong><\/p>\n<p>(Aktivna putovanja koja omogu\u0107uju maksimalno upoznavanje destinacije. Obi\u010dno uklju\u010duju i delove iz EXOTIC grupe)<\/p>\n<p><strong>Explorers EXTREME<\/strong><\/p>\n<p>(Fizi\u010dki zahtevnija putovanja na kojima mo\u017eete videti i do\u017eiveti ne\u0161to \u0161to jako mali broj ljudi u svetu vidi)<\/p>\n<p>Svaka od ovih grupa nudi ne\u0161to posebno i prepoznatljivo, a svako putovanje predstavlja neponovljivo iskustvo.<\/p>\n<p>Mi ne pravimo \u0161ablonska putovanja, stoga je svako na\u0161e putovanje nov, poseban i\u00a0neponovljiv do\u017eivljaj.<\/p>\n<h3>\u00a0<\/h3>\n<h3>O KRUGOVIMA<\/h3>\n<p>Koliko puta vam se u\u010dinilo da se u \u017eivotu stalno vrtite u krug? Svakodnevno ujutru ustajete, odlazite na posao ili fakultet, radite, dolazite ku\u0107i, imate malo slobodnog vremena i uve\u010de spavate. Ili, ako malo vremenski \u201epro\u0161irimo\u201c krug: Radimo sli\u010dne i monotone stvari 11 meseci u godini, da bismo na kraju imali 1 mesec slobodnog vremena. Ve\u0107ina ljudi i taj 1 mesec odmora provodi uglavnom na istim ili sli\u010dnim mestima u na\u0161em okru\u017eenju\u2026 i sanja o nekim dalekim i egzoti\u010dnim destinacijama. \u010cak i oni koji otputuju negde dalje dosta puta su nezadovoljni suvoparno\u0161\u0107u i \u0161ablonskim vo\u0111enjem nekih putovanja. I tako imamo novi krug: 11 meseci radimo, 1 mesec se odmaramo i sanjamo. Sanjamo \u017eivot\u2026 A \u017eivot prolazi.<\/p>\n<p>\u00a0<\/p>\n<p>Poruka koju \u0161aljemo je \u201e<strong>Ne sanjaj svoj \u017eivot. \u017divi svoj san!<\/strong>\u201c.<\/p>\n<p>\u00a0<\/p>\n<p>Ukoliko ste\u00a0mislili da ste osu\u0111eni na \u201esanjanje\u201c, verovatno ste se prevarili. Mi smo tu da vam ponudimo jedan novi, pristupa\u010dniji i\u00a0<strong>bolji\u00a0<\/strong>na\u010din putovanja i da vam ponudimo mnogo vi\u0161e, za manje novca. Tu smo da vam pomognemo da napustite za\u010darani krug, ali Vi ste ti koji morate u\u010diniti prvi korak. Javite nam se!<\/p>\n<p>Na\u0161 slogan je\u00a0<strong>\u201eLeave the circle!\u201c (Napusti krug!)<\/strong>,\u00a0na \u0161ta ukazuje i na\u0161 logo.<\/p>\n<p>\u00a0<\/p>\n<p>\u00a0<\/p>\n<p><img loading=\"lazy\" decoding=\"async\" class=\"size-medium wp-image-536\" src=\"https:\/\/numbe.rs\/test\/wp-content\/uploads\/2023\/12\/cropped-Logo-za-graviranje-RED-scaled-1-300x189.jpg\" alt=\"Explorers logo\" width=\"300\" height=\"189\" srcset=\"https:\/\/numbe.rs\/test\/wp-content\/uploads\/2023\/12\/cropped-Logo-za-graviranje-RED-scaled-1-300x189.jpg 300w, https:\/\/numbe.rs\/test\/wp-content\/uploads\/2023\/12\/cropped-Logo-za-graviranje-RED-scaled-1-1024x647.jpg 1024w, https:\/\/numbe.rs\/test\/wp-content\/uploads\/2023\/12\/cropped-Logo-za-graviranje-RED-scaled-1-768x485.jpg 768w, https:\/\/numbe.rs\/test\/wp-content\/uploads\/2023\/12\/cropped-Logo-za-graviranje-RED-scaled-1-1536x970.jpg 1536w, https:\/\/numbe.rs\/test\/wp-content\/uploads\/2023\/12\/cropped-Logo-za-graviranje-RED-scaled-1-2048x1294.jpg 2048w\" sizes=\"(max-width: 300px) 100vw, 300px\" \/><\/p>\n<p>\u00a0<\/p>\n<p>\u00a0<\/p>\n<p>Mislite o krugovima&#8230;<\/p>\n<p>\u00a0<\/p>\n<\/td>\n<\/tr>\n<\/tbody>\n<\/table>\n\n\n<p><\/p>\n","protected":false},"excerpt":{"rendered":"<p>\u00a0 O NAMA EXPLORERS\u00a0Adventure\u00a0je\u00a0kompanija koju sa\u010dinjavaju ljudi sa ogromnim iskustvom u planiranju egzoti\u010dnih i avanturisti\u010dkih\u00a0putovanja \u0161irom sveta. Radimo kao posrednik u prodaji turisti\u010dkih aran\u017emana i avio-prevoza. Kod nas pla\u0107ate avio-prevoz. Ostatak do pune cene pla\u0107a se na destinaciji, direktno lokalnim operatorima. Ve\u0107 vi\u0161e od 25 godina se aktivno bavimo planiranjem individualnih putovanja i putovanja manjih [&hellip;]<\/p>\n","protected":false},"author":1,"featured_media":530,"parent":0,"menu_order":0,"comment_status":"closed","ping_status":"closed","template":"page-blank.php","meta":{"footnotes":""},"aioseo_notices":[],"_links":{"self":[{"href":"https:\/\/numbe.rs\/test\/wp-json\/wp\/v2\/pages\/336"}],"collection":[{"href":"https:\/\/numbe.rs\/test\/wp-json\/wp\/v2\/pages"}],"about":[{"href":"https:\/\/numbe.rs\/test\/wp-json\/wp\/v2\/types\/page"}],"author":[{"embeddable":true,"href":"https:\/\/numbe.rs\/test\/wp-json\/wp\/v2\/users\/1"}],"replies":[{"embeddable":true,"href":"https:\/\/numbe.rs\/test\/wp-json\/wp\/v2\/comments?post=336"}],"version-history":[{"count":22,"href":"https:\/\/numbe.rs\/test\/wp-json\/wp\/v2\/pages\/336\/revisions"}],"predecessor-version":[{"id":547,"href":"https:\/\/numbe.rs\/test\/wp-json\/wp\/v2\/pages\/336\/revisions\/547"}],"wp:featuredmedia":[{"embeddable":true,"href":"https:\/\/numbe.rs\/test\/wp-json\/wp\/v2\/media\/530"}],"wp:attachment":[{"href":"https:\/\/numbe.rs\/test\/wp-json\/wp\/v2\/media?parent=336"}],"curies":[{"name":"wp","href":"https:\/\/api.w.org\/{rel}","templated":true}]}}